{"id":341,"date":"2025-12-06T19:25:45","date_gmt":"2025-12-06T19:25:45","guid":{"rendered":"https:\/\/www.merkator.com\/fr\/?page_id=341"},"modified":"2026-01-21T14:04:03","modified_gmt":"2026-01-21T14:04:03","slug":"data","status":"publish","type":"page","link":"https:\/\/www.merkator.com\/fr\/data\/","title":{"rendered":"Data"},"content":{"rendered":"","protected":false},"excerpt":{"rendered":"","protected":false},"author":3,"featured_media":0,"parent":0,"menu_order":0,"comment_status":"closed","ping_status":"closed","template":"","meta":{"_acf_changed":false,"inline_featured_image":false,"footnotes":""},"class_list":["post-341","page","type-page","status-publish","hentry"],"acf":[],"yoast_head":"<!-- This site is optimized with the Yoast SEO plugin v27.1.1 - https:\/\/yoast.com\/product\/yoast-seo-wordpress\/ -->\n<title>Data - Merkator Group<\/title>\n<meta name=\"description\" content=\"Lib\u00e9rez la puissance des donn\u00e9es g\u00e9ospatiales avec le Groupe Merkator pour every location. D\u00e9couvrez nos solutions avanc\u00e9es, digital twin et gestion d\u2019actifs pour les t\u00e9l\u00e9coms, les services publics et les villes intelligentes.\" \/>\n<meta name=\"robots\" content=\"index, follow, max-snippet:-1, max-image-preview:large, max-video-preview:-1\" \/>\n<link rel=\"canonical\" href=\"https:\/\/www.merkator.com\/fr\/data\/\" \/>\n<meta property=\"og:locale\" content=\"fr_FR\" \/>\n<meta property=\"og:type\" content=\"article\" \/>\n<meta property=\"og:title\" content=\"Data - Merkator Group\" \/>\n<meta property=\"og:description\" content=\"Lib\u00e9rez la puissance des donn\u00e9es g\u00e9ospatiales avec le Groupe Merkator pour every location. D\u00e9couvrez nos solutions avanc\u00e9es, digital twin et gestion d\u2019actifs pour les t\u00e9l\u00e9coms, les services publics et les villes intelligentes.\" \/>\n<meta property=\"og:url\" content=\"https:\/\/www.merkator.com\/fr\/data\/\" \/>\n<meta property=\"og:site_name\" content=\"Merkator Group\" \/>\n<meta property=\"article:modified_time\" content=\"2026-01-21T14:04:03+00:00\" \/>\n<meta name=\"twitter:card\" content=\"summary_large_image\" \/>\n<script type=\"application\/ld+json\" class=\"yoast-schema-graph\">{\"@context\":\"https:\/\/schema.org\",\"@graph\":[{\"@type\":\"WebPage\",\"@id\":\"https:\/\/www.merkator.com\/fr\/data\/\",\"url\":\"https:\/\/www.merkator.com\/fr\/data\/\",\"name\":\"Data - Merkator Group\",\"isPartOf\":{\"@id\":\"https:\/\/www.merkator.com\/fr\/#website\"},\"datePublished\":\"2025-12-06T19:25:45+00:00\",\"dateModified\":\"2026-01-21T14:04:03+00:00\",\"description\":\"Lib\u00e9rez la puissance des donn\u00e9es g\u00e9ospatiales avec le Groupe Merkator pour every location. D\u00e9couvrez nos solutions avanc\u00e9es, digital twin et gestion d\u2019actifs pour les t\u00e9l\u00e9coms, les services publics et les villes intelligentes.\",\"breadcrumb\":{\"@id\":\"https:\/\/www.merkator.com\/fr\/data\/#breadcrumb\"},\"inLanguage\":\"fr-FR\",\"potentialAction\":[{\"@type\":\"ReadAction\",\"target\":[\"https:\/\/www.merkator.com\/fr\/data\/\"]}]},{\"@type\":\"BreadcrumbList\",\"@id\":\"https:\/\/www.merkator.com\/fr\/data\/#breadcrumb\",\"itemListElement\":[{\"@type\":\"ListItem\",\"position\":1,\"name\":\"Home\",\"item\":\"https:\/\/www.merkator.com\/fr\/\"},{\"@type\":\"ListItem\",\"position\":2,\"name\":\"Data\"}]},{\"@type\":\"WebSite\",\"@id\":\"https:\/\/www.merkator.com\/fr\/#website\",\"url\":\"https:\/\/www.merkator.com\/fr\/\",\"name\":\"Merkator Group\",\"description\":\"\",\"publisher\":{\"@id\":\"https:\/\/www.merkator.com\/fr\/#organization\"},\"potentialAction\":[{\"@type\":\"SearchAction\",\"target\":{\"@type\":\"EntryPoint\",\"urlTemplate\":\"https:\/\/www.merkator.com\/fr\/?s={search_term_string}\"},\"query-input\":{\"@type\":\"PropertyValueSpecification\",\"valueRequired\":true,\"valueName\":\"search_term_string\"}}],\"inLanguage\":\"fr-FR\"},{\"@type\":\"Organization\",\"@id\":\"https:\/\/www.merkator.com\/fr\/#organization\",\"name\":\"Merkator Group\",\"url\":\"https:\/\/www.merkator.com\/fr\/\",\"logo\":{\"@type\":\"ImageObject\",\"inLanguage\":\"fr-FR\",\"@id\":\"https:\/\/www.merkator.com\/fr\/#\/schema\/logo\/image\/\",\"url\":\"https:\/\/www.merkator.com\/fr\/wp-content\/uploads\/sites\/3\/2025\/12\/merkator-group-1-2048x573-1.png\",\"contentUrl\":\"https:\/\/www.merkator.com\/fr\/wp-content\/uploads\/sites\/3\/2025\/12\/merkator-group-1-2048x573-1.png\",\"width\":2048,\"height\":573,\"caption\":\"Merkator Group\"},\"image\":{\"@id\":\"https:\/\/www.merkator.com\/fr\/#\/schema\/logo\/image\/\"}}]}<\/script>\n<!-- \/ Yoast SEO plugin. -->","yoast_head_json":{"title":"Data - Merkator Group","description":"Lib\u00e9rez la puissance des donn\u00e9es g\u00e9ospatiales avec le Groupe Merkator pour every location. D\u00e9couvrez nos solutions avanc\u00e9es, digital twin et gestion d\u2019actifs pour les t\u00e9l\u00e9coms, les services publics et les villes intelligentes.","robots":{"index":"index","follow":"follow","max-snippet":"max-snippet:-1","max-image-preview":"max-image-preview:large","max-video-preview":"max-video-preview:-1"},"canonical":"https:\/\/www.merkator.com\/fr\/data\/","og_locale":"fr_FR","og_type":"article","og_title":"Data - Merkator Group","og_description":"Lib\u00e9rez la puissance des donn\u00e9es g\u00e9ospatiales avec le Groupe Merkator pour every location. D\u00e9couvrez nos solutions avanc\u00e9es, digital twin et gestion d\u2019actifs pour les t\u00e9l\u00e9coms, les services publics et les villes intelligentes.","og_url":"https:\/\/www.merkator.com\/fr\/data\/","og_site_name":"Merkator Group","article_modified_time":"2026-01-21T14:04:03+00:00","twitter_card":"summary_large_image","schema":{"@context":"https:\/\/schema.org","@graph":[{"@type":"WebPage","@id":"https:\/\/www.merkator.com\/fr\/data\/","url":"https:\/\/www.merkator.com\/fr\/data\/","name":"Data - Merkator Group","isPartOf":{"@id":"https:\/\/www.merkator.com\/fr\/#website"},"datePublished":"2025-12-06T19:25:45+00:00","dateModified":"2026-01-21T14:04:03+00:00","description":"Lib\u00e9rez la puissance des donn\u00e9es g\u00e9ospatiales avec le Groupe Merkator pour every location. D\u00e9couvrez nos solutions avanc\u00e9es, digital twin et gestion d\u2019actifs pour les t\u00e9l\u00e9coms, les services publics et les villes intelligentes.","breadcrumb":{"@id":"https:\/\/www.merkator.com\/fr\/data\/#breadcrumb"},"inLanguage":"fr-FR","potentialAction":[{"@type":"ReadAction","target":["https:\/\/www.merkator.com\/fr\/data\/"]}]},{"@type":"BreadcrumbList","@id":"https:\/\/www.merkator.com\/fr\/data\/#breadcrumb","itemListElement":[{"@type":"ListItem","position":1,"name":"Home","item":"https:\/\/www.merkator.com\/fr\/"},{"@type":"ListItem","position":2,"name":"Data"}]},{"@type":"WebSite","@id":"https:\/\/www.merkator.com\/fr\/#website","url":"https:\/\/www.merkator.com\/fr\/","name":"Merkator Group","description":"","publisher":{"@id":"https:\/\/www.merkator.com\/fr\/#organization"},"potentialAction":[{"@type":"SearchAction","target":{"@type":"EntryPoint","urlTemplate":"https:\/\/www.merkator.com\/fr\/?s={search_term_string}"},"query-input":{"@type":"PropertyValueSpecification","valueRequired":true,"valueName":"search_term_string"}}],"inLanguage":"fr-FR"},{"@type":"Organization","@id":"https:\/\/www.merkator.com\/fr\/#organization","name":"Merkator Group","url":"https:\/\/www.merkator.com\/fr\/","logo":{"@type":"ImageObject","inLanguage":"fr-FR","@id":"https:\/\/www.merkator.com\/fr\/#\/schema\/logo\/image\/","url":"https:\/\/www.merkator.com\/fr\/wp-content\/uploads\/sites\/3\/2025\/12\/merkator-group-1-2048x573-1.png","contentUrl":"https:\/\/www.merkator.com\/fr\/wp-content\/uploads\/sites\/3\/2025\/12\/merkator-group-1-2048x573-1.png","width":2048,"height":573,"caption":"Merkator Group"},"image":{"@id":"https:\/\/www.merkator.com\/fr\/#\/schema\/logo\/image\/"}}]}},"_links":{"self":[{"href":"https:\/\/www.merkator.com\/fr\/wp-json\/wp\/v2\/pages\/341","targetHints":{"allow":["GET"]}}],"collection":[{"href":"https:\/\/www.merkator.com\/fr\/wp-json\/wp\/v2\/pages"}],"about":[{"href":"https:\/\/www.merkator.com\/fr\/wp-json\/wp\/v2\/types\/page"}],"author":[{"embeddable":true,"href":"https:\/\/www.merkator.com\/fr\/wp-json\/wp\/v2\/users\/3"}],"replies":[{"embeddable":true,"href":"https:\/\/www.merkator.com\/fr\/wp-json\/wp\/v2\/comments?post=341"}],"version-history":[{"count":21,"href":"https:\/\/www.merkator.com\/fr\/wp-json\/wp\/v2\/pages\/341\/revisions"}],"predecessor-version":[{"id":2107,"href":"https:\/\/www.merkator.com\/fr\/wp-json\/wp\/v2\/pages\/341\/revisions\/2107"}],"wp:attachment":[{"href":"https:\/\/www.merkator.com\/fr\/wp-json\/wp\/v2\/media?parent=341"}],"curies":[{"name":"wp","href":"https:\/\/api.w.org\/{rel}","templated":true}]}}